{"id":1179,"date":"2025-03-21T10:47:58","date_gmt":"2025-03-21T08:47:58","guid":{"rendered":"http:\/\/skinlab.ee.dedi7782.your-server.de\/%d1%83%d1%81%d0%bb%d0%be%d0%b2%d0%b8%d1%8f-%d0%b8%d1%81%d0%bf%d0%be%d0%bb%d1%8c%d0%b7%d0%be%d0%b2%d0%b0%d0%bd%d0%b8%d1%8f\/"},"modified":"2025-07-25T11:25:00","modified_gmt":"2025-07-25T08:25:00","slug":"%d1%83%d1%81%d0%bb%d0%be%d0%b2%d0%b8%d1%8f-%d0%b8%d1%81%d0%bf%d0%be%d0%bb%d1%8c%d0%b7%d0%be%d0%b2%d0%b0%d0%bd%d0%b8%d1%8f","status":"publish","type":"page","link":"https:\/\/skinlab.ee\/ru\/%d1%83%d1%81%d0%bb%d0%be%d0%b2%d0%b8%d1%8f-%d0%b8%d1%81%d0%bf%d0%be%d0%bb%d1%8c%d0%b7%d0%be%d0%b2%d0%b0%d0%bd%d0%b8%d1%8f\/","title":{"rendered":"\u0423\u0441\u043b\u043e\u0432\u0438\u044f \u0438\u0441\u043f\u043e\u043b\u044c\u0437\u043e\u0432\u0430\u043d\u0438\u044f"},"content":{"rendered":"\t\t<div data-elementor-type=\"wp-page\" data-elementor-id=\"1179\" class=\"elementor elementor-1179 elementor-781\">\n\t\t\t\t<div class=\"wd-negative-gap elementor-element elementor-element-6a82ac9 e-flex e-con-boxed e-con e-parent\" data-id=\"6a82ac9\" data-element_type=\"container\">\n\t\t\t\t\t<div class=\"e-con-inner\">\n\t\t\t\t<div class=\"elementor-element elementor-element-d65a141 elementor-widget elementor-widget-wd_text_block\" data-id=\"d65a141\" data-element_type=\"widget\" data-widget_type=\"wd_text_block.default\">\n\t\t\t\t<div class=\"elementor-widget-container\">\n\t\t\t\t\t\t\t<div class=\"wd-text-block reset-last-child text-left\">\n\t\t\t\n\t\t\t<h3><strong>SkinLab O\u00dc kauba m\u00fc\u00fcgitingimused<\/strong><\/h3><h4><strong>1. M\u00fc\u00fcgitingimuste kehtivus<\/strong><\/h4><p>1.1 M\u00fc\u00fcgitingimused kehtivad e-poe klientide (edaspidi Klient) ja e-poe wwwskinlab.ee omaniku SkinLab O\u00dc (registrikood 11967538, asukoht Kalda tee 34-12, Tartu, Eesti, kontakttelefon +372 5251900, e-post info@skinlab.ee) (edaspidi SkinLab) vahel kaupade ostmisel tekkivate \u00f5iguste ja kohustuste kohta.<\/p><p>1.2 M\u00fc\u00fcgitingimustele kohaldatakse Eesti Vabariigis kehtivat seadust ning vaidluse korral allub vaidluse lahendamine Tartu maakohtu Tartu kohtumajale.<\/p><p>1.3 SkinLab j\u00e4tab endale \u00f5iguse k\u00e4esolevaid tingimusi ja hinnakirja \u00fchepoolselt muuta. Muudatused j\u00f5ustuvad alates vastava informatsiooni ilmumisest SkinLab e-poe veebilehel ning kehtivad tellimustele, mis on tehtud peale muudatuste avaldamist.<\/p><h4><strong>2. Hinnakiri<\/strong><\/h4><p>2.1 SkinLab e-poes m\u00fc\u00fcdavate toodete hinnad on toodud eurodes.<\/p><p>Hindandele lisandub Eesti Vabariigis kehtiv k\u00e4ibemaks 20%, kui seadusest ei tulene teisiti.<\/p><p>SkinLab on registreeritud Maksu- ja Tolliametis, k\u00e4ibemaksukohustuslase nr EE101444455.<\/p><p>2.1 Kauba hinnale lisandub transpordi maksumus vastavalt SkinLab e-poes m\u00e4rgitud hinnakirjale. Transpordi hind arvestatakse ja lisatakse hinnale eeldusel, et \u00fcks tellimus on m\u00f5eldud \u00fchele sihtaadressile. Juhul, kui Klient soovib kaupa toimetada erinevatele aadressitele, tuleb teha erinevad tellimused.<\/p><h4><strong>3. Tellimuse vormistamine ja kauba eest tasumine<\/strong><\/h4><p>3.1 Tellimuse eest tasumisel saab Klient valida omale sobiva makseviisi: \u00fclekandega pangakontole, sobiva pangalingiga (Eesti, Soome, L\u00e4ti ja Leedu) Klient maksab 100% tellimuse summast (sealhulgas transpordi hinna) tellimuse kinnitamiseks.<\/p><p>3.2 M\u00fc\u00fcgileping loetakse s\u00f5lmituks ja tellimuse t\u00e4itmist alustatakse kohe peale seda kui Klient on tasunud 100% tellimuse kinnituse v\u00f5i ettemaksu arve j\u00e4rgi tasumisele kuuluvast summast, juhul kui pole kokkulepitud teisiti. Iga j\u00e4rgneva tellimuse kohta loetakse s\u00f5lmituks eraldiseisev leping. K\u00e4esolevad m\u00fc\u00fcgitingimused loetakse m\u00fc\u00fcgilepingu osaks.<\/p><h4><strong>4. Kauba kohaletoimetamine ja \u00fcleandmine<\/strong><\/h4><p>4.1 Tellimuse kinnitusel toodud tarneaeg kehtib juhul, kui 100% tellimuse summast on tasutud tellimuse esitamise p\u00e4eval. Tarneaeg l\u00fckkub edasi tellimuse esitamise ja raha laekumise vahele j\u00e4\u00e4vate p\u00e4evade v\u00f5rra. Kui tarneaja sisse j\u00e4\u00e4b n\u00e4dalavahetus v\u00f5i riiklik p\u00fcha, pikeneb tarneaeg automaatselt vastava arvu p\u00e4evade v\u00f5rra.<\/p><p>4.2 SkinLab annab tellitud kauba Kliendi poolt tellimuse vormistamisel valitud kullerile (Itella SmartPOST) \u00fcle hiljemalt tellimuse eest raha laekumisele j\u00e4rgneval t\u00f6\u00f6p\u00e4eval. SkinLab teavitab klienti koheselt, kui kauba \u00fcleandmine k\u00e4esolevas punktis s\u00e4testatud ajal pole v\u00f5imalik. Kaup toimetatakse Kliendi poolt tellimuse vormistamisel m\u00e4rgitud aadressile. SkinLab ei vastuta tarneviivituse eest, mis on tingitud tarnet teostava ettev\u00f5tte viivitusest. Samuti ei vastuta SkinLab, kui Kliendi poolt edastatud kontaktandmed on ebat\u00e4psed v\u00f5i ei toimi ning kaupa pole v\u00f5imalik seet\u00f5ttu \u00fcle anda.<\/p><p>4.3 Enne kauba vastuv\u00f5tmist soovitab SkinLab \u00fcle vaadata toote pakend. N\u00e4htavate vigastuste korral soovitab SkinLab kaupa mitte vastu v\u00f5tta. Vigastatud pakendiga toode tuleb tagastada kullerile ning saata informatsioon e-posti aadressile info@skinlab.ee.4.4 Kaup loetakse Kliendile \u00fcle antuks alates hetkest, kui kuller on kauba Kliendile \u00fcle andnud. Klient loetakse vastuv\u00f5tuviivitusse sattunuks, kui kaup on kulleri poolt kohale toimetatud ning Klient pole seda hiljemalt \u00fche t\u00f6\u00f6p\u00e4eva jooksul vastu v\u00f5tnud (v.a p-s s\u00e4testatud juhul).<\/p><h4><strong>5. Lepingust taganemine ja kauba tagastamine, pretensioonide esitamine<\/strong><\/h4><p>5.1 Vastavalt Eesti V\u00f5la\u00f5igusseaduse (V\u00d5S) \u00a7 56 lg-le 1 on Kliendil \u00f5igus taganeda lepingust 14 p\u00e4eva jooksul alates kauba k\u00e4ttesaamisest.<\/p><p>5.2 Taganemisavalduse t\u00fc\u00fcpvorm on k\u00e4ttesaadav: https:\/\/www.riigiteataja.ee\/aktilisa\/1030\/1201\/4001\/JM_m41_lisa1.pdf#. Klient ei pea kasutama eelviidatud t\u00fc\u00fcpvormi, kui ta esitab taganemisavalduse muus vormis kirjalikult arusaadaval ja juriidiliselt korrektsel kujul. Muuhulgas peab Klient taganemisavalduses \u00e4ra m\u00e4rkima tellimuse numbri, millest taganetakse, ja pangakonto, millele tuleb tagastada Kliendi poolt makstud tasud. Taganemisavaldus peab olema Kliendi poolt \u00e4ra saadetud hiljemalt p-s 5.1 s\u00e4testatud t\u00e4htaja jooksul Skinesthetic p-s 1.1 toodud e-posti v\u00f5i postiaadressil. P-s 5.1 s\u00e4testatud taganemise t\u00e4htaja m\u00f6\u00f6dalaskmisel kaotab Klient lepingust taganemise \u00f5iguse.<\/p><p>5.3 Lepingust taganemisel Klient tagastab kauba viivitamatult, kuid mitte hiljem kui 14 p\u00e4eva m\u00f6\u00f6dumisel taganemisavalduse tegemisest. Tagastatav kaup peab olema suletud originaalpakendis ja avamata. V\u00d5S \u00a7 53 lg 4 p 41 kohaselt ei ole Kliendil taganemis\u00f5igust sellise suletud pakendis kauba suhtes, mis ei ole k\u00f5lblik tagasisaatmiseks tervisekaitse v\u00f5i h\u00fcgieenilistel p\u00f5hjustel ning kui see on p\u00e4rast kohaletoimetamist avatud. Kui kaup on k\u00fcll suletud pakendis, kuid muul viisil kahjustunud, vastutab Klient kauba v\u00e4\u00e4rtuse v\u00e4henemise eest V\u00d5S \u00a7 562 lg-s 4 s\u00e4testatud tingimustel. Klient kannab talle \u00fcleantud kauba tagastamisega seotud otsesed kulud (V\u00d5S \u00a7 562 lg 3), v.a juhul kui kauba tagastamise p\u00f5hjuseks on kauba puudus v\u00f5i vale kaup (vt p 5.5).<\/p><p>5.4 SkinLab tagastab taganetud lepingu alusel makstud tasu Kliendile seaduses s\u00e4testatud t\u00e4htaja jooksul, eeldusel, et kaup on tagastatud eelnevalt SkinLab`ile (V\u00d5S \u00a7 561 lg 5). Kliendile tagastatavad summad kantakse Kliendi poolt taganemisavalduses n\u00e4idatud pangakontole v\u00f5i muule SkinLab`ile teadaolevale Kliendi kontole.<\/p><p>5.5 Vastavalt V\u00d5S \u00a7 220 lg-le 1 tarbijalem\u00fc\u00fcgi puhul peab tarbija teatama asja lepingutingimustele mittevastavusest m\u00fc\u00fcjale kahe kuu jooksul p\u00e4rast seda, kui ta sai mittevastavusest teada. Kauba mittevastavuse korral lepingutingimustele saab Klient tugineda seaduses s\u00e4testatud \u00f5iguskaitsevahenditele, muuhulgas saab Klient n\u00f5uda mitten\u00f5uetekohase kauba v\u00e4ljavahetamist, taganeda lepingust v\u00f5i n\u00f5uda kahju h\u00fcvitamist, arvestades k\u00e4esolevates m\u00fc\u00fcgitingimustes s\u00e4testatut. Kauba puuduse ilmnemisel kohustub Klient teavitama SkinLab`i kirjalikult ning esitama j\u00e4rgmise informatsiooni: nimi ja kontaktandmed, toote puudus (defekti kirjeldus, v\u00f5imalusel fotod), tellimuse number.5.5 SkinLab v\u00f5ib igal ajal lepingust taganeda, teavitades sellest Klienti ning tagastades Kliendile lepingu alusel tasutud summad, kuid tellitud kaup on laos otsas v\u00f5i selle tarne on muul p\u00f5hjusel takistatud.<\/p><h4><strong>6. Vastutus<\/strong><\/h4><p>6.1 SkinLab vastutab Kliendi ees lepingutingimuste rikkumisega tekitatud kahju eest Eesti Vabariigis kehtivates \u00f5igusaktides s\u00e4testatud juhtudel ja ulatuses, kui k\u00e4esolevates tingimustes ei ole s\u00e4testatud teisiti.<\/p><p>6.2 SkinLab vastutab otsese varalise kahju eest, mis on tekitatud Kliendile mitten\u00f5uetekohase kauba saatmisega. SkinLab ei vastuta kahju eest, mis on tekkinud kauba mittesihip\u00e4rase v\u00f5i kasutusjuhiste vastase kasutamise t\u00f5ttu. Samuti ei vastuta SkinLab, kui Klient on m\u00f5ne toote koostises n\u00e4idatud toimeaine suhtes allergiline v\u00f5i ilmneb m\u00f5ni muu soovimatu k\u00f5rvalm\u00f5ju. SkinLab ei vastuta Kliendile tekitatud mittevaralise (s.h moraalse) kahju ega saamata j\u00e4\u00e4nud tulu eest.<\/p><h4><strong>7. Muud tingimused<\/strong><\/h4><p>7.1 SkinLab kasutab Kliendi esitatud informatsiooni ainult Kliendi ostutellimuse t\u00e4itmiseks ja Kliendi teavitamiseks. SkinLab ei avalda ostude sooritamise k\u00e4igus teatavaks saanud informatsiooni kolmandatele osapooltele, v.a seadusega etten\u00e4htud juhtudel. Panga ja ostja vaheline side on kaitstud SSL-turvaprotokolliga, mis tagab selle, et vahetatavat informatsiooni ei saa k\u00f5rvalised isikud pealt kuulata ega muuta.<\/p><p>7.2 K\u00e4esolevate tingimuste t\u00e4itmisest tulenevaid eriarvamusi ja vaidlusi lahendavad pooled eelk\u00f5ige l\u00e4bir\u00e4\u00e4kimiste teel. Kui vaidlust ei \u00f5nnestu kokkuleppel lahendada, v\u00f5ib Klient p\u00f6\u00f6rduda Tarbijakaitseametisse v\u00f5i kohtusse (https:\/\/www.tarbijakaitseamet.ee\/et\/tarbijavaidluste-komisjon).<\/p><p>7.3 M\u00fc\u00fcgitingimused on koostatud eesti ja vene keeles. Vastuolude esinemisel l\u00e4htutakse eestikeelsest tekstist.7. Isikuandmete t\u00f6\u00f6tlusSkinLab O\u00dc on isikuandmete vastutav t\u00f6\u00f6tleja, SkinLab O\u00dc edastab maksete teostamiseks vajalikud isikuandmed volitatud t\u00f6\u00f6tleja Maksekeskus AS-ile<\/p>\n\t\t\t\t\t<\/div>\n\t\t\t\t\t\t<\/div>\n\t\t\t\t<\/div>\n\t\t\t\t\t<\/div>\n\t\t\t\t<\/div>\n\t\t\t\t<\/div>\n\t\t","protected":false},"excerpt":{"rendered":"<p>SkinLab O\u00dc kauba m\u00fc\u00fcgitingimused 1. M\u00fc\u00fcgitingimuste kehtivus 1.1 M\u00fc\u00fcgitingimused kehtivad e-poe klientide (edaspidi Klient) ja e-poe wwwskinlab.ee omaniku SkinLab O\u00dc<\/p>\n","protected":false},"author":1,"featured_media":0,"parent":0,"menu_order":0,"comment_status":"closed","ping_status":"closed","template":"","meta":{"footnotes":""},"class_list":["post-1179","page","type-page","status-publish","hentry"],"_links":{"self":[{"href":"https:\/\/skinlab.ee\/ru\/wp-json\/wp\/v2\/pages\/1179","targetHints":{"allow":["GET"]}}],"collection":[{"href":"https:\/\/skinlab.ee\/ru\/wp-json\/wp\/v2\/pages"}],"about":[{"href":"https:\/\/skinlab.ee\/ru\/wp-json\/wp\/v2\/types\/page"}],"author":[{"embeddable":true,"href":"https:\/\/skinlab.ee\/ru\/wp-json\/wp\/v2\/users\/1"}],"replies":[{"embeddable":true,"href":"https:\/\/skinlab.ee\/ru\/wp-json\/wp\/v2\/comments?post=1179"}],"version-history":[{"count":5,"href":"https:\/\/skinlab.ee\/ru\/wp-json\/wp\/v2\/pages\/1179\/revisions"}],"predecessor-version":[{"id":2990,"href":"https:\/\/skinlab.ee\/ru\/wp-json\/wp\/v2\/pages\/1179\/revisions\/2990"}],"wp:attachment":[{"href":"https:\/\/skinlab.ee\/ru\/wp-json\/wp\/v2\/media?parent=1179"}],"curies":[{"name":"wp","href":"https:\/\/api.w.org\/{rel}","templated":true}]}}